{"id":36,"date":"2021-03-10T09:28:14","date_gmt":"2021-03-10T09:28:14","guid":{"rendered":"https:\/\/www.demoapus-wp1.com\/superio-import2\/?page_id=36"},"modified":"2024-08-18T19:04:32","modified_gmt":"2024-08-18T17:04:32","slug":"pricing","status":"publish","type":"page","link":"https:\/\/bestwork4you.cz\/ru\/pricing\/","title":{"rendered":"\u0426\u0435\u043d\u044b"},"content":{"rendered":"<div data-elementor-type=\"wp-page\" data-elementor-id=\"36\" class=\"elementor elementor-36\">\n\t\t\t\t\t\t<section class=\"elementor-section elementor-top-section elementor-element elementor-element-d23dad2 elementor-section-stretched elementor-section-boxed elementor-section-height-default elementor-section-height-default\" data-id=\"d23dad2\" data-element_type=\"section\" data-settings=\"{&quot;stretch_section&quot;:&quot;section-stretched&quot;}\">\n\t\t\t\t\t\t<div class=\"elementor-container elementor-column-gap-extended\">\n\t\t\t\t\t<div class=\"elementor-column elementor-col-100 elementor-top-column elementor-element elementor-element-2267505\" data-id=\"2267505\" data-element_type=\"column\">\n\t\t\t<div class=\"elementor-widget-wrap elementor-element-populated\">\n\t\t\t\t\t\t<div class=\"elementor-element elementor-element-d16aed8 elementor-widget elementor-widget-heading\" data-id=\"d16aed8\" data-element_type=\"widget\" data-widget_type=\"heading.default\">\n\t\t\t\t<div class=\"elementor-widget-container\">\n\t\t\t\t\t<h2 class=\"elementor-heading-title elementor-size-default\">\u0421\u044d\u043a\u043e\u043d\u043e\u043c\u044c\u0442\u0435 \u0434\u043e 10% \u0441 \u043d\u0430\u0448\u0438\u043c\u0438 \u043f\u0430\u043a\u0435\u0442\u0430\u043c\u0438<\/h2>\t\t\t\t<\/div>\n\t\t\t\t<\/div>\n\t\t\t\t<div class=\"elementor-element elementor-element-87eacfe elementor-widget elementor-widget-apus_element_jobs_packages\" data-id=\"87eacfe\" data-element_type=\"widget\" data-widget_type=\"apus_element_jobs_packages.default\">\n\t\t\t\t<div class=\"elementor-widget-container\">\n\t\t\t\t\t        <div class=\"no-margin widget woocommerce widget-subwoo\">\n                            <div class=\"row\">\n                                            <div class=\"col-xs-12 col-sm-4  sm-clearfix md-clearfix lg-clearfix\">\n                            <div class=\"subwoo-inner\">\n                                <div class=\"item\">\n                                    <div class=\"header-sub\">\n                                        <div class=\"icon-wrapper\">\n                                                                                    <\/div>\n                                        <div class=\"top-info clearfix flex-middle-lg\">\n                                            <h3 class=\"title\">\u0411\u0430\u0437\u043e\u0432\u044b\u0439<\/h3>\n                                                                                    <\/div>\n                                    <\/div>\n                                    <div class=\"bottom-sub\">\n                                        <div class=\"price\"><span class=\"woocommerce-Price-amount amount\"><bdi>199,00&nbsp;<span class=\"woocommerce-Price-currencySymbol\">&#75;&#269;<\/span><\/bdi><\/span><\/div>\n                                                                                    <div class=\"short-des\"><ul>\n<li><i class=\"flaticon-tick\"><\/i>30 \u0432\u0430\u043a\u0430\u043d\u0441\u0438\u0439<\/li>\n<li><i class=\"flaticon-tick\"><\/i>3 \u0438\u0437\u0431\u0440\u0430\u043d\u043d\u044b\u0435 \u0432\u0430\u043a\u0430\u043d\u0441\u0438\u0438<\/li>\n<li><i class=\"flaticon-tick\"><\/i>\u0412\u0430\u043a\u0430\u043d\u0441\u0438\u044f \u043e\u0442\u043e\u0431\u0440\u0430\u0436\u0430\u0435\u0442\u0441\u044f \u0432 \u0442\u0435\u0447\u0435\u043d\u0438\u0435 15\u00a0\u0434\u043d\u0435\u0439.<\/li>\n<li><i class=\"flaticon-tick\"><\/i>\u041f\u0440\u0435\u043c\u0438\u0443\u043c-\u043f\u043e\u0434\u0434\u0435\u0440\u0436\u043a\u0430 24\/7<\/li>\n<\/ul>\n<\/div>\n                                                                                <div class=\"button-action\"><div class=\"add-cart\"><a href=\"?add-to-cart=1730\" rel=\"nofollow\" data-product_id=\"1730\" data-product_sku=\"RTA-001\" data-quantity=\"1\" class=\"button product_type_job_package add_to_cart_button ajax_add_to_cart product_type_job_package\" data-no-translation=\"\" data-trp-gettext=\"\">\u0412 \u043a\u043e\u0440\u0437\u0438\u043d\u0443<\/a><\/div><\/div>\n                                    <\/div>\n                                <\/div>\n                            <\/div>\n                        <\/div>  \n                                            <div class=\"col-xs-12 col-sm-4\">\n                            <div class=\"subwoo-inner  is_featured\">\n                                <div class=\"item\">\n                                    <div class=\"header-sub\">\n                                        <div class=\"icon-wrapper\">\n                                                                                    <\/div>\n                                        <div class=\"top-info clearfix flex-middle-lg\">\n                                            <h3 class=\"title\">\u0421\u0442\u0430\u043d\u0434\u0430\u0440\u0442\u043d\u044b\u0439<\/h3>\n                                                                                            <div class=\"recommended ali-right\">\n                                                    Recommended                                                <\/div>\n                                                                                    <\/div>\n                                    <\/div>\n                                    <div class=\"bottom-sub\">\n                                        <div class=\"price\"><span class=\"woocommerce-Price-amount amount\"><bdi>499,00&nbsp;<span class=\"woocommerce-Price-currencySymbol\">&#75;&#269;<\/span><\/bdi><\/span><\/div>\n                                                                                    <div class=\"short-des\"><ul>\n<li><i class=\"flaticon-tick\"><\/i>40 \u0432\u0430\u043a\u0430\u043d\u0441\u0438\u0439<\/li>\n<li><i class=\"flaticon-tick\"><\/i>5 \u0438\u0437\u0431\u0440\u0430\u043d\u043d\u044b\u0445 \u0432\u0430\u043a\u0430\u043d\u0441\u0438\u0439<\/li>\n<li><i class=\"flaticon-tick\"><\/i>\u0412\u0430\u043a\u0430\u043d\u0441\u0438\u044f \u043e\u0442\u043e\u0431\u0440\u0430\u0436\u0430\u0435\u0442\u0441\u044f \u043d\u0430 30 \u0434\u043d\u0435\u0439<\/li>\n<li><i class=\"flaticon-tick\"><\/i>\u041f\u0440\u0435\u043c\u0438\u0443\u043c-\u043f\u043e\u0434\u0434\u0435\u0440\u0436\u043a\u0430 24\/7<\/li>\n<\/ul>\n<\/div>\n                                                                                <div class=\"button-action\"><div class=\"add-cart\"><a href=\"?add-to-cart=1729\" rel=\"nofollow\" data-product_id=\"1729\" data-product_sku=\"RTA-008\" data-quantity=\"1\" class=\"button product_type_job_package add_to_cart_button ajax_add_to_cart product_type_job_package\" data-no-translation=\"\" data-trp-gettext=\"\">\u0412 \u043a\u043e\u0440\u0437\u0438\u043d\u0443<\/a><\/div><\/div>\n                                    <\/div>\n                                <\/div>\n                            <\/div>\n                        <\/div>  \n                                            <div class=\"col-xs-12 col-sm-4\">\n                            <div class=\"subwoo-inner\">\n                                <div class=\"item\">\n                                    <div class=\"header-sub\">\n                                        <div class=\"icon-wrapper\">\n                                                                                    <\/div>\n                                        <div class=\"top-info clearfix flex-middle-lg\">\n                                            <h3 class=\"title\">\u0420\u0430\u0441\u0448\u0438\u0440\u0435\u043d\u043d\u044b\u0439<\/h3>\n                                                                                    <\/div>\n                                    <\/div>\n                                    <div class=\"bottom-sub\">\n                                        <div class=\"price\"><span class=\"woocommerce-Price-amount amount\"><bdi>799,00&nbsp;<span class=\"woocommerce-Price-currencySymbol\">&#75;&#269;<\/span><\/bdi><\/span><\/div>\n                                                                                    <div class=\"short-des\"><ul>\n<li><i class=\"flaticon-tick\"><\/i>50 \u0432\u0430\u043a\u0430\u043d\u0441\u0438\u0439<\/li>\n<li><i class=\"flaticon-tick\"><\/i>10 \u0438\u0437\u0431\u0440\u0430\u043d\u043d\u044b\u0445 \u0432\u0430\u043a\u0430\u043d\u0441\u0438\u0439<\/li>\n<li><i class=\"flaticon-tick\"><\/i>\u0412\u0430\u043a\u0430\u043d\u0441\u0438\u044f \u043e\u0442\u043e\u0431\u0440\u0430\u0436\u0430\u0435\u0442\u0441\u044f \u043d\u0430 60 \u0434\u043d\u0435\u0439<\/li>\n<li><i class=\"flaticon-tick\"><\/i>\u041f\u0440\u0435\u043c\u0438\u0443\u043c-\u043f\u043e\u0434\u0434\u0435\u0440\u0436\u043a\u0430 24\/7<\/li>\n<\/ul>\n<\/div>\n                                                                                <div class=\"button-action\"><div class=\"add-cart\"><a href=\"?add-to-cart=1728\" rel=\"nofollow\" data-product_id=\"1728\" data-product_sku=\"RTA-005\" data-quantity=\"1\" class=\"button product_type_job_package add_to_cart_button ajax_add_to_cart product_type_job_package\" data-no-translation=\"\" data-trp-gettext=\"\">\u0412 \u043a\u043e\u0440\u0437\u0438\u043d\u0443<\/a><\/div><\/div>\n                                    <\/div>\n                                <\/div>\n                            <\/div>\n                        <\/div>  \n                                    <\/div>\n                                    <\/div>\n        \t\t\t\t<\/div>\n\t\t\t\t<\/div>\n\t\t\t\t\t<\/div>\n\t\t<\/div>\n\t\t\t\t\t<\/div>\n\t\t<\/section>\n\t\t\t\t<\/div>","protected":false},"excerpt":{"rendered":"<p>U\u0161et\u0159ete a\u017e 10% poplatk\u016f s na\u0161imi bal\u00ed\u010dky Basic &#36;199.00 30 job posting 3 featured job Job displayed for 15 days Premium Support 24\/7 P\u0159idat do ko\u0161\u00edku Standard Recommended &#36;499.00 40 job posting 5 featured job Job displayed for 30 days Premium Support 24\/7 P\u0159idat do ko\u0161\u00edku Extended &#36;799.00 50 job posting 10 featured job Job [&hellip;]<\/p>","protected":false},"author":30,"featured_media":0,"parent":0,"menu_order":0,"comment_status":"closed","ping_status":"closed","template":"","meta":{"_acf_changed":false,"inline_featured_image":false,"footnotes":""},"class_list":["post-36","page","type-page","status-publish","hentry"],"acf":[],"_links":{"self":[{"href":"https:\/\/bestwork4you.cz\/ru\/wp-json\/wp\/v2\/pages\/36","targetHints":{"allow":["GET"]}}],"collection":[{"href":"https:\/\/bestwork4you.cz\/ru\/wp-json\/wp\/v2\/pages"}],"about":[{"href":"https:\/\/bestwork4you.cz\/ru\/wp-json\/wp\/v2\/types\/page"}],"author":[{"embeddable":true,"href":"https:\/\/bestwork4you.cz\/ru\/wp-json\/wp\/v2\/users\/30"}],"replies":[{"embeddable":true,"href":"https:\/\/bestwork4you.cz\/ru\/wp-json\/wp\/v2\/comments?post=36"}],"version-history":[{"count":4,"href":"https:\/\/bestwork4you.cz\/ru\/wp-json\/wp\/v2\/pages\/36\/revisions"}],"predecessor-version":[{"id":9164,"href":"https:\/\/bestwork4you.cz\/ru\/wp-json\/wp\/v2\/pages\/36\/revisions\/9164"}],"wp:attachment":[{"href":"https:\/\/bestwork4you.cz\/ru\/wp-json\/wp\/v2\/media?parent=36"}],"curies":[{"name":"wp","href":"https:\/\/api.w.org\/{rel}","templated":true}]}}