{"id":38,"date":"2021-03-10T09:28:48","date_gmt":"2021-03-10T07:28:48","guid":{"rendered":"https:\/\/www.demoapus-wp1.com\/superio-import2\/?page_id=38"},"modified":"2024-08-18T20:30:15","modified_gmt":"2024-08-18T18:30:15","slug":"for-partners","status":"publish","type":"page","link":"https:\/\/bestwork4you.cz\/uk\/for-partners\/","title":{"rendered":"\u0414\u043b\u044f \u043f\u0430\u0440\u0442\u043d\u0435\u0440\u0456\u0432"},"content":{"rendered":"<div data-elementor-type=\"wp-page\" data-elementor-id=\"38\" class=\"elementor elementor-38\">\n\t\t\t\t\t\t<section class=\"elementor-section elementor-top-section elementor-element elementor-element-49720ba elementor-section-boxed elementor-section-height-default elementor-section-height-default\" data-id=\"49720ba\" data-element_type=\"section\">\n\t\t\t\t\t\t<div class=\"elementor-container elementor-column-gap-extended\">\n\t\t\t\t\t<div class=\"elementor-column elementor-col-50 elementor-top-column elementor-element elementor-element-d90d821\" data-id=\"d90d821\" data-element_type=\"column\">\n\t\t\t<div class=\"elementor-widget-wrap elementor-element-populated\">\n\t\t\t\t\t\t<div class=\"elementor-element elementor-element-3c62366 elementor-widget elementor-widget-heading\" data-id=\"3c62366\" data-element_type=\"widget\" data-widget_type=\"heading.default\">\n\t\t\t\t<div class=\"elementor-widget-container\">\n\t\t\t\t\t<h2 class=\"elementor-heading-title elementor-size-default\">\u041f\u0440\u043e\u043f\u043e\u043d\u0443\u0454\u043c\u043e \u0440\u043e\u0431\u043e\u0442\u043e\u0434\u0430\u0432\u0446\u044f\u043c<\/h2>\t\t\t\t<\/div>\n\t\t\t\t<\/div>\n\t\t\t\t<div class=\"elementor-element elementor-element-0dab18d elementor-widget elementor-widget-text-editor\" data-id=\"0dab18d\" data-element_type=\"widget\" data-widget_type=\"text-editor.default\">\n\t\t\t\t<div class=\"elementor-widget-container\">\n\t\t\t\t\t\t\t\t\t<p><strong>\u0413\u0430\u0440\u0430\u043d\u0442\u0456\u044f \u043d\u0430 \u043a\u043e\u0436\u043d\u043e\u0433\u043e \u043f\u0440\u0430\u0446\u0456\u0432\u043d\u0438\u043a\u0430<\/strong><br \/>\u042f\u043a\u0449\u043e \u043f\u0440\u0430\u0446\u0456\u0432\u043d\u0438\u043a \u0437\u0432\u0456\u043b\u044c\u043d\u044f\u0454\u0442\u044c\u0441\u044f \u043f\u0440\u043e\u0442\u044f\u0433\u043e\u043c 3 \u043c\u0456\u0441\u044f\u0446\u0456\u0432, \u043c\u0438 \u0431\u0435\u0437\u043a\u043e\u0448\u0442\u043e\u0432\u043d\u043e \u043f\u0456\u0434\u0431\u0435\u0440\u0435\u043c\u043e \u0439\u043e\u043c\u0443 \u0437\u0430\u043c\u0456\u043d\u0443.<\/p><p><strong>\u041f\u043e\u0441\u0442\u0456\u0439\u043d\u0430 \u043f\u0456\u0434\u0442\u0440\u0438\u043c\u043a\u0430<\/strong><br \/>\u0426\u0456\u043b\u043e\u0434\u043e\u0431\u043e\u0432\u0435 \u0432\u0438\u0440\u0456\u0448\u0435\u043d\u043d\u044f \u043f\u0440\u043e\u0431\u043b\u0435\u043c.<\/p><p><strong>\u0417\u043d\u0430\u043d\u043d\u044f<\/strong><br \/>\u041a\u043e\u043e\u0440\u0434\u0438\u043d\u0430\u0442\u043e\u0440 \u0434\u043b\u044f \u043a\u043e\u0436\u043d\u043e\u0457 \u0440\u043e\u0431\u043e\u0447\u043e\u0457 \u0433\u0440\u0443\u043f\u0438.<\/p>\t\t\t\t\t\t\t\t<\/div>\n\t\t\t\t<\/div>\n\t\t\t\t\t<\/div>\n\t\t<\/div>\n\t\t\t\t<div class=\"elementor-column elementor-col-50 elementor-top-column elementor-element elementor-element-ae1f76f\" data-id=\"ae1f76f\" data-element_type=\"column\">\n\t\t\t<div class=\"elementor-widget-wrap elementor-element-populated\">\n\t\t\t\t\t\t<div class=\"elementor-element elementor-element-c71b34c elementor-widget elementor-widget-image\" data-id=\"c71b34c\" data-element_type=\"widget\" data-widget_type=\"image.default\">\n\t\t\t\t<div class=\"elementor-widget-container\">\n\t\t\t\t\t\t\t\t\t\t\t\t\t\t\t<img fetchpriority=\"high\" decoding=\"async\" width=\"475\" height=\"507\" src=\"https:\/\/bestwork4you.cz\/wp-content\/uploads\/2022\/02\/for-employers.jpg\" class=\"attachment-full size-full wp-image-7583\" alt=\"\" srcset=\"https:\/\/bestwork4you.cz\/wp-content\/uploads\/2022\/02\/for-employers.jpg 475w, https:\/\/bestwork4you.cz\/wp-content\/uploads\/2022\/02\/for-employers-281x300.jpg 281w\" sizes=\"(max-width: 475px) 100vw, 475px\">\t\t\t\t\t\t\t\t\t\t\t\t\t\t\t<\/div>\n\t\t\t\t<\/div>\n\t\t\t\t\t<\/div>\n\t\t<\/div>\n\t\t\t\t\t<\/div>\n\t\t<\/section>\n\t\t\t\t<section class=\"elementor-section elementor-top-section elementor-element elementor-element-d672603 elementor-section-stretched elementor-section-boxed elementor-section-height-default elementor-section-height-default\" data-id=\"d672603\" data-element_type=\"section\" data-settings=\"{&quot;stretch_section&quot;:&quot;section-stretched&quot;}\">\n\t\t\t\t\t\t<div class=\"elementor-container elementor-column-gap-extended\">\n\t\t\t\t\t<div class=\"elementor-column elementor-col-100 elementor-top-column elementor-element elementor-element-579afd9\" data-id=\"579afd9\" data-element_type=\"column\">\n\t\t\t<div class=\"elementor-widget-wrap elementor-element-populated\">\n\t\t\t\t\t\t<div class=\"elementor-element elementor-element-badf087 elementor-widget elementor-widget-heading\" data-id=\"badf087\" data-element_type=\"widget\" data-widget_type=\"heading.default\">\n\t\t\t\t<div class=\"elementor-widget-container\">\n\t\t\t\t\t<h2 class=\"elementor-heading-title elementor-size-default\">\u041f\u0435\u0440\u0435\u0432\u0430\u0433\u0438 \u0441\u043f\u0456\u0432\u043f\u0440\u0430\u0446\u0456<\/h2>\t\t\t\t<\/div>\n\t\t\t\t<\/div>\n\t\t\t\t<div class=\"elementor-element elementor-element-def32c6 elementor-widget elementor-widget-text-editor\" data-id=\"def32c6\" data-element_type=\"widget\" data-widget_type=\"text-editor.default\">\n\t\t\t\t<div class=\"elementor-widget-container\">\n\t\t\t\t\t\t\t\t\t<ul><li>\u0428\u0432\u0438\u0434\u043a\u0435 \u0437\u0430\u0431\u0435\u0437\u043f\u0435\u0447\u0435\u043d\u043d\u044f \u043d\u0435\u043e\u0431\u0445\u0456\u0434\u043d\u043e\u044e \u043a\u0456\u043b\u044c\u043a\u0456\u0441\u0442\u044e \u044f\u043a\u0456\u0441\u043d\u0438\u0445 \u043f\u0440\u0430\u0446\u0456\u0432\u043d\u0438\u043a\u0456\u0432.<\/li><li>\u0412\u0438 \u0435\u043a\u043e\u043d\u043e\u043c\u0438\u0442\u0435 \u043d\u0430 \u043f\u043e\u0448\u0443\u043a\u0443, \u043f\u0456\u0434\u0431\u043e\u0440\u0456 \u0442\u0430 \u043d\u0430\u0432\u0447\u0430\u043d\u043d\u0456 \u043f\u043e\u0442\u0435\u043d\u0446\u0456\u0439\u043d\u0438\u0445 \u0441\u043f\u0456\u0432\u0440\u043e\u0431\u0456\u0442\u043d\u0438\u043a\u0456\u0432.<\/li><li>\u0413\u0430\u0440\u0430\u043d\u0442\u0456\u044f 3 \u043c\u0456\u0441\u044f\u0446\u0456 \u043d\u0430 \u043a\u043e\u0436\u043d\u043e\u0433\u043e \u043f\u0440\u0430\u0446\u0456\u0432\u043d\u0438\u043a\u0430. \u042f\u043a\u0449\u043e \u043f\u0440\u0430\u0446\u0456\u0432\u043d\u0438\u043a \u0437\u0432\u0456\u043b\u044c\u043d\u044f\u0454\u0442\u044c\u0441\u044f \u043f\u0456\u0434 \u0447\u0430\u0441 \u0433\u0430\u0440\u0430\u043d\u0442\u0456\u0439\u043d\u043e\u0433\u043e \u0442\u0435\u0440\u043c\u0456\u043d\u0443, \u043c\u0438 \u0431\u0435\u0437\u043a\u043e\u0448\u0442\u043e\u0432\u043d\u043e \u0437\u043d\u0430\u0439\u0434\u0435\u043c\u043e \u0439\u043e\u043c\u0443 \u0437\u0430\u043c\u0456\u043d\u0443.<\/li><li>\u041f\u0440\u0438\u0439\u043e\u043c \u0442\u0430 \u0432\u0435\u0434\u0435\u043d\u043d\u044f \u043d\u0430\u0440\u0430\u0445\u0443\u0432\u0430\u043d\u043d\u044f \u0437\u0430\u0440\u043e\u0431\u0456\u0442\u043d\u043e\u0457 \u043f\u043b\u0430\u0442\u0438 \u0442\u0430 \u043a\u0430\u0434\u0440\u043e\u0432\u043e\u0433\u043e \u0440\u043e\u0437\u043a\u043b\u0430\u0434\u0443.<\/li><li>\u041f\u0435\u0440\u0435\u043f\u0456\u0434\u0433\u043e\u0442\u043e\u0432\u043a\u0430 \u043f\u0440\u0430\u0446\u0456\u0432\u043d\u0438\u043a\u0456\u0432 \u043f\u0435\u0440\u0435\u0434 \u043f\u043e\u0447\u0430\u0442\u043a\u043e\u043c \u0440\u043e\u0431\u043e\u0442\u0438 \u0432 \u0433\u0430\u043b\u0443\u0437\u0456 \u043e\u0445\u043e\u0440\u043e\u043d\u0438 \u043f\u0440\u0430\u0446\u0456, \u043f\u043e\u0436\u0435\u0436\u043d\u043e\u0457 \u0431\u0435\u0437\u043f\u0435\u043a\u0438 \u0442\u0430 \u043e\u0445\u043e\u0440\u043e\u043d\u0438 \u043d\u0430\u0432\u043a\u043e\u043b\u0438\u0448\u043d\u044c\u043e\u0433\u043e \u0441\u0435\u0440\u0435\u0434\u043e\u0432\u0438\u0449\u0430.<\/li><li>\u0415\u043a\u043e\u043d\u043e\u043c\u0442\u0435 \u0447\u0430\u0441 \u0456 \u0437\u0443\u0441\u0438\u043b\u043b\u044f \u0432\u0456\u0434\u0434\u0456\u043b\u0443 \u043a\u0430\u0434\u0440\u0456\u0432.<\/li><li>\u0412\u0456\u0434\u043a\u043b\u0438\u043a\u0430\u043d\u043e\u043c\u0443 \u0437\u0430\u044f\u0432\u043d\u0438\u043a\u0443 \u043c\u0438 \u043d\u0430\u0434\u0430\u043c\u043e \u043a\u043e\u043c\u043f\u0435\u043d\u0441\u0430\u0446\u0456\u044e \u043f\u0440\u043e\u0442\u044f\u0433\u043e\u043c \u0432\u0438\u043f\u0440\u043e\u0431\u0443\u0432\u0430\u043b\u044c\u043d\u043e\u0433\u043e \u0442\u0435\u0440\u043c\u0456\u043d\u0443.<\/li><li>\u0421\u0438\u0441\u0442\u0435\u043c\u0430\u0442\u0438\u0447\u043d\u0438\u0439 \u0434\u043e\u0433\u043b\u044f\u0434 \u043f\u0440\u043e\u0442\u044f\u0433\u043e\u043c \u0443\u0441\u044c\u043e\u0433\u043e \u043f\u0435\u0440\u0456\u043e\u0434\u0443 \u0441\u043f\u0456\u0432\u043f\u0440\u0430\u0446\u0456.<\/li><li>\u041c\u043e\u0436\u043b\u0438\u0432\u0456\u0441\u0442\u044c \u0442\u0435\u0441\u0442\u0443\u0432\u0430\u043d\u043d\u044f \u043a\u0430\u043d\u0434\u0438\u0434\u0430\u0442\u0430 \u0434\u043e \u043e\u0442\u0440\u0438\u043c\u0430\u043d\u043d\u044f \u0431\u0430\u0437\u043e\u0432\u043e\u0433\u043e \u0441\u0442\u0430\u0442\u0443\u0441\u0443.<\/li><li>\u0414\u043e \u043a\u043e\u043c\u0430\u043d\u0434\u0438 \u043f\u0440\u0438\u0454\u0434\u043d\u0443\u044e\u0442\u044c\u0441\u044f \u043b\u0438\u0448\u0435 \u043f\u0435\u0440\u0435\u0432\u0456\u0440\u0435\u043d\u0456 \u0442\u0430 \u043d\u0430\u0432\u0447\u0435\u043d\u0456 \u043b\u044e\u0434\u0438.<\/li><li>\u041a\u0435\u0440\u0443\u0439\u0442\u0435 \u0437\u0430\u043c\u043e\u0432\u043b\u0435\u043d\u043d\u044f\u043c\u0438 \u0447\u0435\u0440\u0435\u0437 \u043d\u0430\u0448\u043e\u0433\u043e \u043a\u043e\u043e\u0440\u0434\u0438\u043d\u0430\u0442\u043e\u0440\u0430, \u0448\u0432\u0438\u0434\u043a\u043e \u0432\u0438\u0440\u0456\u0448\u0443\u0439\u0442\u0435 \u043f\u0440\u043e\u0431\u043b\u0435\u043c\u043d\u0456 \u0441\u0438\u0442\u0443\u0430\u0446\u0456\u0457 \u043d\u0430 \u043c\u0456\u0441\u0446\u0456.<\/li><li>\u0412\u0438 \u043c\u043e\u0436\u0435\u0442\u0435 \u0437\u043e\u0441\u0435\u0440\u0435\u0434\u0438\u0442\u0438\u0441\u044f \u043d\u0430 \u0441\u0432\u043e\u0457\u0445 \u043a\u043b\u044e\u0447\u043e\u0432\u0438\u0445 \u0441\u043f\u0456\u0432\u0440\u043e\u0431\u0456\u0442\u043d\u0438\u043a\u0430\u0445;<\/li><li>\u041e\u0445\u043e\u043f\u043b\u044e\u0454\u043c\u043e \u0434\u043e\u043f\u043e\u043c\u0456\u0436\u043d\u0456 \u043f\u0440\u043e\u0446\u0435\u0441\u0438 \u043d\u0430 \u0432\u0438\u0440\u043e\u0431\u043d\u0438\u0446\u0442\u0432\u0456 \u043d\u0430 \u0441\u0435\u0437\u043e\u043d \u0430\u0431\u043e \u043e\u0434\u043d\u043e\u0440\u0430\u0437\u043e\u0432\u043e.<\/li><li>\u041d\u0430\u0434\u0430\u0454\u043c\u043e \u043d\u0435\u043e\u0431\u0445\u0456\u0434\u043d\u0456 \u0434\u043b\u044f \u0440\u043e\u0431\u043e\u0442\u0438 \u043c\u0430\u0442\u0435\u0440\u0456\u0430\u043b\u0438, \u0456\u043d\u0441\u0442\u0440\u0443\u043c\u0435\u043d\u0442\u0438 \u0430\u0431\u043e \u0437\u0430\u0441\u043e\u0431\u0438 \u0437\u0430\u0445\u0438\u0441\u0442\u0443.<\/li><li>\u041f\u0435\u0440\u0435\u0432\u0456\u0440\u043a\u0430 \u0442\u0430 \u043c\u0438\u0442\u0442\u0454\u0432\u0438\u0439 \u043c\u043e\u043d\u0456\u0442\u043e\u0440\u0438\u043d\u0433 \u0432\u0456\u0434\u0432\u0456\u0434\u0443\u0432\u0430\u043d\u043e\u0441\u0442\u0456 \u0441\u043f\u0456\u0432\u0440\u043e\u0431\u0456\u0442\u043d\u0438\u043a\u0456\u0432 \u0443 \u043d\u0430\u0448\u0456\u0439 \u0441\u0438\u0441\u0442\u0435\u043c\u0456 \u043e\u0431\u043b\u0456\u043a\u0443 \u0432\u0456\u0434\u0432\u0456\u0434\u0443\u0432\u0430\u043d\u044c.<\/li><\/ul>\t\t\t\t\t\t\t\t<\/div>\n\t\t\t\t<\/div>\n\t\t\t\t\t<\/div>\n\t\t<\/div>\n\t\t\t\t\t<\/div>\n\t\t<\/section>\n\t\t\t\t<\/div>","protected":false},"excerpt":{"rendered":"<p>Nab\u00edz\u00edme pro zam\u011bstnavatele Z\u00e1ruka za ka\u017ed\u00e9ho zam\u011bstnancePokud zam\u011bstnanec odejde do 3 m\u011bs\u00edc\u016f, najdeme za n\u011bj zdarma n\u00e1hradu. Pr\u016fb\u011b\u017en\u00e1 podpora\u0158e\u0161en\u00ed probl\u00e9m\u016f 24\/7. Veden\u00edKoordin\u00e1tor pro ka\u017ed\u00fd pracovn\u00ed t\u00fdm. V\u00fdhody spolupr\u00e1ce Rychl\u00e9 zaji\u0161t\u011bn\u00ed pot\u0159ebn\u00e9ho po\u010dtu kvalitn\u00edch zam\u011bstnanc\u016f. U\u0161et\u0159\u00edte na vyhled\u00e1v\u00e1n\u00ed, n\u00e1boru a \u0161kolen\u00ed potenci\u00e1ln\u00edch zam\u011bstnanc\u016f. Z\u00e1ruka 3 m\u011bs\u00edce na ka\u017ed\u00e9ho zam\u011bstnance. Pokud zam\u011bstnanec odejde v z\u00e1ru\u010dn\u00ed dob\u011b, najdeme [&hellip;]<\/p>","protected":false},"author":1,"featured_media":0,"parent":0,"menu_order":0,"comment_status":"closed","ping_status":"closed","template":"","meta":{"_acf_changed":false,"inline_featured_image":false,"footnotes":""},"class_list":["post-38","page","type-page","status-publish","hentry"],"acf":[],"_links":{"self":[{"href":"https:\/\/bestwork4you.cz\/uk\/wp-json\/wp\/v2\/pages\/38","targetHints":{"allow":["GET"]}}],"collection":[{"href":"https:\/\/bestwork4you.cz\/uk\/wp-json\/wp\/v2\/pages"}],"about":[{"href":"https:\/\/bestwork4you.cz\/uk\/wp-json\/wp\/v2\/types\/page"}],"author":[{"embeddable":true,"href":"https:\/\/bestwork4you.cz\/uk\/wp-json\/wp\/v2\/users\/1"}],"replies":[{"embeddable":true,"href":"https:\/\/bestwork4you.cz\/uk\/wp-json\/wp\/v2\/comments?post=38"}],"version-history":[{"count":4,"href":"https:\/\/bestwork4you.cz\/uk\/wp-json\/wp\/v2\/pages\/38\/revisions"}],"predecessor-version":[{"id":9232,"href":"https:\/\/bestwork4you.cz\/uk\/wp-json\/wp\/v2\/pages\/38\/revisions\/9232"}],"wp:attachment":[{"href":"https:\/\/bestwork4you.cz\/uk\/wp-json\/wp\/v2\/media?parent=38"}],"curies":[{"name":"wp","href":"https:\/\/api.w.org\/{rel}","templated":true}]}}