{"id":7612,"date":"2022-02-25T14:42:16","date_gmt":"2022-02-25T12:42:16","guid":{"rendered":"http:\/\/bestwork4you.cz\/?page_id=7612"},"modified":"2024-08-18T19:47:18","modified_gmt":"2024-08-18T17:47:18","slug":"privacy-policy","status":"publish","type":"page","link":"https:\/\/bestwork4you.cz\/uk\/privacy-policy\/","title":{"rendered":"\u041f\u043e\u043b\u0456\u0442\u0438\u043a\u0430 \u043a\u043e\u043d\u0444\u0456\u0434\u0435\u043d\u0446\u0456\u0439\u043d\u043e\u0441\u0442\u0456"},"content":{"rendered":"<div data-elementor-type=\"wp-page\" data-elementor-id=\"7612\" class=\"elementor elementor-7612\">\n\t\t\t\t<section class=\"elementor-section elementor-top-section elementor-element elementor-element-4a66ab31 elementor-section-boxed elementor-section-height-default elementor-section-height-default\" data-id=\"4a66ab31\" data-element_type=\"section\">\n\t\t\t\t\t\t<div class=\"elementor-container elementor-column-gap-default\">\n\t\t\t\t\t<div class=\"elementor-column elementor-col-100 elementor-top-column elementor-element elementor-element-3bde3bce\" data-id=\"3bde3bce\" data-element_type=\"column\">\n\t\t\t<div class=\"elementor-widget-wrap elementor-element-populated\">\n\t\t\t\t\t\t<div class=\"elementor-element elementor-element-7c81a9c3 elementor-widget elementor-widget-text-editor\" data-id=\"7c81a9c3\" data-element_type=\"widget\" data-widget_type=\"text-editor.default\">\n\t\t\t\t<div class=\"elementor-widget-container\"><h2 class=\"wp-block-heading\">\u041e\u0431\u0440\u043e\u0431\u043b\u0435\u043d\u0456 \u0434\u0430\u043d\u0456<\/h2><p>1.1. \u041c\u0438 \u043d\u0435 \u0437\u0431\u0438\u0440\u0430\u0454\u043c\u043e \u0432\u0430\u0448\u0456 \u043f\u0435\u0440\u0441\u043e\u043d\u0430\u043b\u044c\u043d\u0456 \u0434\u0430\u043d\u0456 \u0437\u0430 \u0434\u043e\u043f\u043e\u043c\u043e\u0433\u043e\u044e \u0421\u0430\u0439\u0442\u0443.<\/p><p>1.2. \u0423\u0441\u0456 \u0434\u0430\u043d\u0456, \u0437\u0456\u0431\u0440\u0430\u043d\u0456 \u043d\u0430 \u0421\u0430\u0439\u0442\u0456, \u043d\u0430\u0434\u0430\u044e\u0442\u044c\u0441\u044f \u0442\u0430 \u043e\u0442\u0440\u0438\u043c\u0443\u044e\u0442\u044c\u0441\u044f \u0432 \u0430\u043d\u043e\u043d\u0456\u043c\u043d\u0456\u0439 \u0444\u043e\u0440\u043c\u0456 (\u043d\u0430\u0434\u0430\u043b\u0456 \u00ab\u0410\u043d\u043e\u043d\u0456\u043c\u043d\u0456 \u0434\u0430\u043d\u0456\u00bb).<\/p><p>1.3. \u0410\u043d\u043e\u043d\u0456\u043c\u043d\u0456 \u0434\u0430\u043d\u0456 \u0432\u043a\u043b\u044e\u0447\u0430\u044e\u0442\u044c \u0442\u0430\u043a\u0443 \u0456\u043d\u0444\u043e\u0440\u043c\u0430\u0446\u0456\u044e, \u044f\u043a\u0430 \u043d\u0435 \u0456\u0434\u0435\u043d\u0442\u0438\u0444\u0456\u043a\u0443\u0454 \u0432\u0430\u0441:<\/p><p>1.3.1. \u0406\u043d\u0444\u043e\u0440\u043c\u0430\u0446\u0456\u044f, \u044f\u043a\u0443 \u0432\u0438 \u0441\u0430\u043c\u043e\u0441\u0442\u0456\u0439\u043d\u043e \u043d\u0430\u0434\u0430\u0454\u0442\u0435 \u043f\u0440\u043e \u0441\u0435\u0431\u0435 \u0437\u0430 \u0434\u043e\u043f\u043e\u043c\u043e\u0433\u043e\u044e \u043e\u043d\u043b\u0430\u0439\u043d-\u0444\u043e\u0440\u043c \u0456 \u043f\u0440\u043e\u0433\u0440\u0430\u043c\u043d\u0438\u0445 \u043c\u043e\u0434\u0443\u043b\u0456\u0432 \u0421\u0430\u0439\u0442\u0443, \u0432\u043a\u043b\u044e\u0447\u0430\u044e\u0447\u0438 \u0432\u0430\u0448\u0435 \u0456\u043c\u2019\u044f \u0430\u0431\u043e \u043d\u043e\u043c\u0435\u0440 \u0442\u0435\u043b\u0435\u0444\u043e\u043d\u0443 \u0442\u0430\/\u0430\u0431\u043e \u0430\u0434\u0440\u0435\u0441\u0443 \u0435\u043b\u0435\u043a\u0442\u0440\u043e\u043d\u043d\u043e\u0457 \u043f\u043e\u0448\u0442\u0438.<\/p><p>1.3.2. \u0414\u0430\u043d\u0456, \u044f\u043a\u0456 \u0430\u0432\u0442\u043e\u043c\u0430\u0442\u0438\u0447\u043d\u043e \u043f\u0435\u0440\u0435\u0434\u0430\u044e\u0442\u044c\u0441\u044f \u0432 \u0430\u043d\u043e\u043d\u0456\u043c\u043d\u0456\u0439 \u0444\u043e\u0440\u043c\u0456 \u0437\u0430\u043b\u0435\u0436\u043d\u043e \u0432\u0456\u0434 \u043d\u0430\u043b\u0430\u0448\u0442\u0443\u0432\u0430\u043d\u044c \u043f\u0440\u043e\u0433\u0440\u0430\u043c\u043d\u043e\u0433\u043e \u0437\u0430\u0431\u0435\u0437\u043f\u0435\u0447\u0435\u043d\u043d\u044f, \u044f\u043a\u0435 \u0432\u0438 \u0432\u0438\u043a\u043e\u0440\u0438\u0441\u0442\u043e\u0432\u0443\u0454\u0442\u0435.<\/p><p>1.4. \u0410\u0434\u043c\u0456\u043d\u0456\u0441\u0442\u0440\u0430\u0446\u0456\u044f \u043c\u0430\u0454 \u043f\u0440\u0430\u0432\u043e \u0432\u0441\u0442\u0430\u043d\u043e\u0432\u043b\u044e\u0432\u0430\u0442\u0438 \u0432\u0438\u043c\u043e\u0433\u0438 \u0434\u043e \u0441\u043a\u043b\u0430\u0434\u0443 \u0430\u043d\u043e\u043d\u0456\u043c\u043d\u0438\u0445 \u0434\u0430\u043d\u0438\u0445 \u043a\u043e\u0440\u0438\u0441\u0442\u0443\u0432\u0430\u0447\u0456\u0432, \u044f\u043a\u0456 \u0437\u0431\u0438\u0440\u0430\u044e\u0442\u044c\u0441\u044f \u0437\u0430 \u0434\u043e\u043f\u043e\u043c\u043e\u0433\u043e\u044e \u0421\u0430\u0439\u0442\u0443.<\/p><p>1.5. \u042f\u043a\u0449\u043e \u044f\u043a\u0430\u0441\u044c \u0456\u043d\u0444\u043e\u0440\u043c\u0430\u0446\u0456\u044f \u043d\u0435 \u043f\u043e\u0437\u043d\u0430\u0447\u0435\u043d\u0430 \u044f\u043a \u043e\u0431\u043e\u0432\u2019\u044f\u0437\u043a\u043e\u0432\u0430, \u0432\u043e\u043d\u0430 \u043d\u0430\u0434\u0430\u0454\u0442\u044c\u0441\u044f \u0430\u0431\u043e \u0440\u043e\u0431\u0438\u0442\u044c\u0441\u044f \u0434\u043e\u0441\u0442\u0443\u043f\u043d\u0438\u043c \u041a\u043e\u0440\u0438\u0441\u0442\u0443\u0432\u0430\u0447\u0435\u043c \u043d\u0430 \u0432\u043b\u0430\u0441\u043d\u0438\u0439 \u0440\u043e\u0437\u0441\u0443\u0434 \u0442\u0430 \u0437\u0430 \u0432\u043b\u0430\u0441\u043d\u043e\u044e \u0456\u043d\u0456\u0446\u0456\u0430\u0442\u0438\u0432\u043e\u044e.<\/p><p>1.6. \u0410\u0434\u043c\u0456\u043d\u0456\u0441\u0442\u0440\u0430\u0446\u0456\u044f \u043d\u0435 \u043f\u0435\u0440\u0435\u0432\u0456\u0440\u044f\u0454 \u043f\u0440\u0430\u0432\u0438\u043b\u044c\u043d\u0456\u0441\u0442\u044c \u043d\u0430\u0434\u0430\u043d\u0438\u0445 \u0434\u0430\u043d\u0438\u0445 \u0456 \u043d\u0430\u044f\u0432\u043d\u0456\u0441\u0442\u044c \u0443 \u041a\u043e\u0440\u0438\u0441\u0442\u0443\u0432\u0430\u0447\u0430 \u043d\u0435\u043e\u0431\u0445\u0456\u0434\u043d\u043e\u0457 \u0437\u0433\u043e\u0434\u0438 \u043d\u0430 \u0457\u0445 \u043e\u0431\u0440\u043e\u0431\u043a\u0443 \u0432\u0456\u0434\u043f\u043e\u0432\u0456\u0434\u043d\u043e \u0434\u043e \u0446\u0456\u0454\u0457 \u041f\u043e\u043b\u0456\u0442\u0438\u043a\u0438, \u0432\u043e\u043d\u0430 \u0432\u0432\u0430\u0436\u0430\u0454, \u0449\u043e \u041a\u043e\u0440\u0438\u0441\u0442\u0443\u0432\u0430\u0447 \u0434\u0456\u0454 \u0434\u043e\u0431\u0440\u043e\u0441\u043e\u0432\u0456\u0441\u043d\u043e, \u0443\u0432\u0430\u0436\u043d\u043e \u0442\u0430 \u0434\u043e\u043a\u043b\u0430\u0434\u0430\u0454 \u0432\u0441\u0456\u0445 \u0437\u0443\u0441\u0438\u043b\u044c, \u0449\u043e\u0431 \u0446\u044f \u0456\u043d\u0444\u043e\u0440\u043c\u0430\u0446\u0456\u044f \u0431\u0443\u043b\u0430 \u0430\u043a\u0442\u0443\u0430\u043b\u044c\u043d\u043e\u044e. -\u0434\u0430\u0442\u0438 \u0442\u0430 \u043e\u0442\u0440\u0438\u043c\u0430\u0442\u0438 \u0432\u0441\u0456 \u043d\u0435\u043e\u0431\u0445\u0456\u0434\u043d\u0456 \u0437\u0433\u043e\u0434\u0438 \u043d\u0430 \u0439\u043e\u0433\u043e \u0432\u0438\u043a\u043e\u0440\u0438\u0441\u0442\u0430\u043d\u043d\u044f.<\/p><p>1.7. \u0412\u0438 \u0440\u043e\u0437\u0443\u043c\u0456\u0454\u0442\u0435 \u0442\u0430 \u043f\u0440\u0438\u0439\u043c\u0430\u0454\u0442\u0435 \u043c\u043e\u0436\u043b\u0438\u0432\u0456\u0441\u0442\u044c \u0432\u0438\u043a\u043e\u0440\u0438\u0441\u0442\u0430\u043d\u043d\u044f \u0441\u0442\u043e\u0440\u043e\u043d\u043d\u044c\u043e\u0433\u043e \u043f\u0440\u043e\u0433\u0440\u0430\u043c\u043d\u043e\u0433\u043e \u0437\u0430\u0431\u0435\u0437\u043f\u0435\u0447\u0435\u043d\u043d\u044f \u043d\u0430 \u0421\u0430\u0439\u0442\u0456, \u0432 \u0440\u0435\u0437\u0443\u043b\u044c\u0442\u0430\u0442\u0456 \u0447\u043e\u0433\u043e \u0446\u0456 \u0441\u0442\u043e\u0440\u043e\u043d\u0438 \u043c\u043e\u0436\u0443\u0442\u044c \u043e\u0442\u0440\u0438\u043c\u0443\u0432\u0430\u0442\u0438 \u0442\u0430 \u043f\u0435\u0440\u0435\u0434\u0430\u0432\u0430\u0442\u0438 \u0434\u0430\u043d\u0456, \u0437\u0430\u0437\u043d\u0430\u0447\u0435\u043d\u0456 \u0432 \u0441\u0442\u0430\u0442\u0442\u0456 1.3, \u0432 \u0430\u043d\u043e\u043d\u0456\u043c\u043d\u043e\u043c\u0443 \u0432\u0438\u0433\u043b\u044f\u0434\u0456! \u0417\u0433\u0430\u0434\u0430\u043d\u0435 \u0441\u0442\u043e\u0440\u043e\u043d\u043d\u0454 \u043f\u0440\u043e\u0433\u0440\u0430\u043c\u043d\u0435 \u0437\u0430\u0431\u0435\u0437\u043f\u0435\u0447\u0435\u043d\u043d\u044f \u0432\u043a\u043b\u044e\u0447\u0430\u0454 \u0441\u0438\u0441\u0442\u0435\u043c\u0438 \u0437\u0431\u043e\u0440\u0443 \u0441\u0442\u0430\u0442\u0438\u0441\u0442\u0438\u043a\u0438 \u0432\u0456\u0434\u0432\u0456\u0434\u0443\u0432\u0430\u043d\u043d\u044f Google Analytics \u0456 \u042f\u043d\u0434\u0435\u043a\u0441.\u041c\u0435\u0442\u0440\u0438\u043a\u0430.<\/p><p>1.8. \u0421\u043a\u043b\u0430\u0434 \u0456 \u0443\u043c\u043e\u0432\u0438 \u0437\u0431\u043e\u0440\u0443 \u0430\u043d\u043e\u043d\u0456\u043c\u043d\u0438\u0445 \u0434\u0430\u043d\u0438\u0445 \u0437\u0430 \u0434\u043e\u043f\u043e\u043c\u043e\u0433\u043e\u044e \u043f\u0440\u043e\u0433\u0440\u0430\u043c\u043d\u043e\u0433\u043e \u0437\u0430\u0431\u0435\u0437\u043f\u0435\u0447\u0435\u043d\u043d\u044f \u0442\u0440\u0435\u0442\u0456\u0445 \u0441\u0442\u043e\u0440\u0456\u043d \u0432\u0438\u0437\u043d\u0430\u0447\u0430\u044e\u0442\u044c\u0441\u044f \u0431\u0435\u0437\u043f\u043e\u0441\u0435\u0440\u0435\u0434\u043d\u044c\u043e \u0432\u043b\u0430\u0441\u043d\u0438\u043a\u0430\u043c\u0438 \u0430\u0432\u0442\u043e\u0440\u0441\u044c\u043a\u0438\u0445 \u043f\u0440\u0430\u0432 \u0456 \u043c\u043e\u0436\u0443\u0442\u044c \u0432\u043a\u043b\u044e\u0447\u0430\u0442\u0438:<\/p><ul>\n<li>\u0434\u0430\u043d\u0456 \u0431\u0440\u0430\u0443\u0437\u0435\u0440\u0430 (\u0442\u0438\u043f, \u0432\u0435\u0440\u0441\u0456\u044f, cookie);<\/li>\n<li>\u0456\u043d\u0444\u043e\u0440\u043c\u0430\u0446\u0456\u044f \u043f\u0440\u043e \u043f\u0440\u0438\u0441\u0442\u0440\u0456\u0439 \u0456 \u0439\u043e\u0433\u043e \u043c\u0456\u0441\u0446\u0435\u0437\u043d\u0430\u0445\u043e\u0434\u0436\u0435\u043d\u043d\u044f;<\/li>\n<li>\u0434\u0430\u043d\u0456 \u043e\u043f\u0435\u0440\u0430\u0446\u0456\u0439\u043d\u043e\u0457 \u0441\u0438\u0441\u0442\u0435\u043c\u0438 (\u0442\u0438\u043f, \u0432\u0435\u0440\u0441\u0456\u044f, \u0434\u043e\u0437\u0432\u0456\u043b \u0435\u043a\u0440\u0430\u043d\u0430);<\/li>\n<li>\u0434\u0430\u043d\u0456 \u0437\u0430\u043f\u0438\u0442\u0443 (\u0447\u0430\u0441, \u0434\u0436\u0435\u0440\u0435\u043b\u043e \u043f\u0435\u0440\u0435\u0445\u043e\u0434\u0443, IP-\u0430\u0434\u0440\u0435\u0441\u0430).<\/li>\n<\/ul><p>1.9. \u0410\u0434\u043c\u0456\u043d\u0456\u0441\u0442\u0440\u0430\u0446\u0456\u044f \u043d\u0435 \u043d\u0435\u0441\u0435 \u0432\u0456\u0434\u043f\u043e\u0432\u0456\u0434\u0430\u043b\u044c\u043d\u043e\u0441\u0442\u0456 \u0437\u0430 \u043f\u043e\u0440\u044f\u0434\u043e\u043a \u0432\u0438\u043a\u043e\u0440\u0438\u0441\u0442\u0430\u043d\u043d\u044f \u0437\u043d\u0435\u043e\u0441\u043e\u0431\u043b\u0435\u043d\u0438\u0445 \u0434\u0430\u043d\u0438\u0445 \u041a\u043e\u0440\u0438\u0441\u0442\u0443\u0432\u0430\u0447\u0430 \u0442\u0440\u0435\u0442\u0456\u043c\u0438 \u043e\u0441\u043e\u0431\u0430\u043c\u0438.<\/p><h2 class=\"wp-block-heading\">2. \u0426\u0456\u043b\u0456 \u043e\u0431\u0440\u043e\u0431\u043a\u0438 \u0434\u0430\u043d\u0438\u0445<\/h2><p>2.1. \u0410\u0434\u043c\u0456\u043d\u0456\u0441\u0442\u0440\u0430\u0446\u0456\u044f \u0432\u0438\u043a\u043e\u0440\u0438\u0441\u0442\u043e\u0432\u0443\u0454 \u0434\u0430\u043d\u0456 \u0434\u043b\u044f \u043d\u0430\u0441\u0442\u0443\u043f\u043d\u0438\u0445 \u0446\u0456\u043b\u0435\u0439:<\/p>\n<p>2.1.1. \u041e\u0431\u0440\u043e\u0431\u043a\u0430 \u0432\u0445\u0456\u0434\u043d\u0438\u0445 \u0437\u0430\u043f\u0438\u0442\u0456\u0432 \u0456 \u0441\u043f\u0456\u043b\u043a\u0443\u0432\u0430\u043d\u043d\u044f \u0437 \u041a\u043e\u0440\u0438\u0441\u0442\u0443\u0432\u0430\u0447\u0435\u043c;<\/p>\n<p>2.1.2. \u0406\u043d\u0444\u043e\u0440\u043c\u0430\u0446\u0456\u0439\u043d\u0456 \u043f\u043e\u0441\u043b\u0443\u0433\u0438, \u0432\u043a\u043b\u044e\u0447\u0430\u044e\u0447\u0438 \u0440\u043e\u0437\u043f\u043e\u0432\u0441\u044e\u0434\u0436\u0435\u043d\u043d\u044f \u0440\u0435\u043a\u043b\u0430\u043c\u043d\u0438\u0445 \u0442\u0430 \u0456\u043d\u0444\u043e\u0440\u043c\u0430\u0446\u0456\u0439\u043d\u0438\u0445 \u043c\u0430\u0442\u0435\u0440\u0456\u0430\u043b\u0456\u0432;<\/p>\n<p>2.1.3. \u041f\u0440\u043e\u0432\u0435\u0434\u0435\u043d\u043d\u044f \u043c\u0430\u0440\u043a\u0435\u0442\u0438\u043d\u0433\u043e\u0432\u0438\u0445, \u0441\u0442\u0430\u0442\u0438\u0441\u0442\u0438\u0447\u043d\u0438\u0445 \u0442\u0430 \u0456\u043d\u0448\u0438\u0445 \u0434\u043e\u0441\u043b\u0456\u0434\u0436\u0435\u043d\u044c;<\/p>\n<p>2.1.4. \u0422\u0430\u0440\u0433\u0435\u0442\u0438\u043d\u0433 \u0440\u0435\u043a\u043b\u0430\u043c\u043d\u0438\u0445 \u043c\u0430\u0442\u0435\u0440\u0456\u0430\u043b\u0456\u0432 \u043d\u0430 \u0421\u0430\u0439\u0442\u0456.<\/p><h2 class=\"wp-block-heading\">3. \u0412\u0438\u043c\u043e\u0433\u0438 \u0449\u043e\u0434\u043e \u0437\u0430\u0445\u0438\u0441\u0442\u0443 \u0434\u0430\u043d\u0438\u0445<\/h2><p>3.1. \u0410\u0434\u043c\u0456\u043d\u0456\u0441\u0442\u0440\u0430\u0446\u0456\u044f \u0437\u0431\u0435\u0440\u0456\u0433\u0430\u0454 \u0434\u0430\u043d\u0456 \u0442\u0430 \u0437\u0430\u0431\u0435\u0437\u043f\u0435\u0447\u0443\u0454 \u0457\u0445 \u0437\u0430\u0445\u0438\u0441\u0442 \u0432\u0456\u0434 \u043d\u0435\u0441\u0430\u043d\u043a\u0446\u0456\u043e\u043d\u043e\u0432\u0430\u043d\u043e\u0433\u043e \u0434\u043e\u0441\u0442\u0443\u043f\u0443 \u0442\u0430 \u043f\u043e\u0448\u0438\u0440\u0435\u043d\u043d\u044f \u0432\u0456\u0434\u043f\u043e\u0432\u0456\u0434\u043d\u043e \u0434\u043e \u0432\u043d\u0443\u0442\u0440\u0456\u0448\u043d\u0456\u0445 \u043f\u0440\u0430\u0432\u0438\u043b \u0442\u0430 \u043f\u043e\u043b\u043e\u0436\u0435\u043d\u044c.<\/p>\n<p>3.2. \u041f\u043e \u0432\u0456\u0434\u043d\u043e\u0448\u0435\u043d\u043d\u044e \u0434\u043e \u043e\u0442\u0440\u0438\u043c\u0430\u043d\u0438\u0445 \u0434\u0430\u043d\u0438\u0445 \u0437\u0431\u0435\u0440\u0456\u0433\u0430\u0454\u0442\u044c\u0441\u044f \u043a\u043e\u043d\u0444\u0456\u0434\u0435\u043d\u0446\u0456\u0439\u043d\u0456\u0441\u0442\u044c, \u0437\u0430 \u0432\u0438\u043d\u044f\u0442\u043a\u043e\u043c \u0432\u0438\u043f\u0430\u0434\u043a\u0456\u0432, \u043a\u043e\u043b\u0438 \u0432\u043e\u043d\u0438 \u043e\u043f\u0440\u0438\u043b\u044e\u0434\u043d\u0435\u043d\u0456 \u041a\u043e\u0440\u0438\u0441\u0442\u0443\u0432\u0430\u0447\u0435\u043c, \u0430 \u0442\u0430\u043a\u043e\u0436 \u043a\u043e\u043b\u0438 \u0442\u0435\u0445\u043d\u043e\u043b\u043e\u0433\u0456\u0457 \u0442\u0430 \u043f\u0440\u043e\u0433\u0440\u0430\u043c\u043d\u0435 \u0437\u0430\u0431\u0435\u0437\u043f\u0435\u0447\u0435\u043d\u043d\u044f \u0442\u0440\u0435\u0442\u0456\u0445 \u043e\u0441\u0456\u0431, \u0449\u043e \u0432\u0438\u043a\u043e\u0440\u0438\u0441\u0442\u043e\u0432\u0443\u044e\u0442\u044c\u0441\u044f \u043d\u0430 \u0421\u0430\u0439\u0442\u0456, \u0430\u0431\u043e \u043d\u0430\u043b\u0430\u0448\u0442\u0443\u0432\u0430\u043d\u043d\u044f \u043f\u0440\u043e\u0433\u0440\u0430\u043c\u043d\u043e\u0433\u043e \u0437\u0430\u0431\u0435\u0437\u043f\u0435\u0447\u0435\u043d\u043d\u044f, \u044f\u043a\u0435 \u0432\u0438\u043a\u043e\u0440\u0438\u0441\u0442\u043e\u0432\u0443\u0454 \u041a\u043e\u0440\u0438\u0441\u0442\u0443\u0432\u0430\u0447, \u0434\u043e\u0437\u0432\u043e\u043b\u044f\u044e\u0442\u044c \u0432\u0456\u0434\u043a\u0440\u0438\u0442\u0438\u0439 \u043e\u0431\u043c\u0456\u043d. \u0437 \u0446\u0438\u043c\u0438 \u043e\u0441\u043e\u0431\u0430\u043c\u0438 \u0442\u0430\/\u0430\u0431\u043e \u0456\u043d\u0448\u0438\u043c\u0438 \u0443\u0447\u0430\u0441\u043d\u0438\u043a\u0430\u043c\u0438 \u0442\u0430 \u043a\u043e\u0440\u0438\u0441\u0442\u0443\u0432\u0430\u0447\u0430\u043c\u0438 \u0406\u043d\u0442\u0435\u0440\u043d\u0435\u0442\u0443.<\/p>\n<p>3.3. \u0417 \u043c\u0435\u0442\u043e\u044e \u043f\u0456\u0434\u0432\u0438\u0449\u0435\u043d\u043d\u044f \u044f\u043a\u043e\u0441\u0442\u0456 \u0440\u043e\u0431\u043e\u0442\u0438 \u0410\u0434\u043c\u0456\u043d\u0456\u0441\u0442\u0440\u0430\u0446\u0456\u044f \u043c\u0430\u0454 \u043f\u0440\u0430\u0432\u043e \u043f\u0440\u043e\u0442\u044f\u0433\u043e\u043c 1 (\u041e\u0434\u043d\u043e\u0433\u043e) \u0440\u043e\u043a\u0443 \u0437\u0431\u0435\u0440\u0456\u0433\u0430\u0442\u0438 \u043b\u043e\u0433\u0438 \u043f\u0440\u043e \u0434\u0456\u044f\u043b\u044c\u043d\u0456\u0441\u0442\u044c \u041a\u043e\u0440\u0438\u0441\u0442\u0443\u0432\u0430\u0447\u0430 \u043f\u0456\u0434 \u0447\u0430\u0441 \u0432\u0438\u043a\u043e\u0440\u0438\u0441\u0442\u0430\u043d\u043d\u044f \u0421\u0430\u0439\u0442\u0443.<\/p><h2 class=\"wp-block-heading\">4. \u041f\u0435\u0440\u0435\u0434\u0430\u0447\u0430 \u0434\u0430\u043d\u0438\u0445<\/h2><p>4.1. \u0410\u0434\u043c\u0456\u043d\u0456\u0441\u0442\u0440\u0430\u0446\u0456\u044f \u043c\u0430\u0454 \u043f\u0440\u0430\u0432\u043e \u043f\u0435\u0440\u0435\u0434\u0430\u0432\u0430\u0442\u0438 \u0434\u0430\u043d\u0456 \u0442\u0440\u0435\u0442\u0456\u043c \u043e\u0441\u043e\u0431\u0430\u043c \u0443 \u0432\u0438\u043f\u0430\u0434\u043a\u0430\u0445:<\/p>\n<p>\u041a\u043e\u0440\u0438\u0441\u0442\u0443\u0432\u0430\u0447 \u0432\u0438\u0441\u043b\u043e\u0432\u0438\u0432 \u0441\u0432\u043e\u044e \u0437\u0433\u043e\u0434\u0443 \u043d\u0430 \u0442\u0430\u043a\u0456 \u0434\u0456\u0457, \u0432 \u0442\u043e\u043c\u0443 \u0447\u0438\u0441\u043b\u0456 \u0443 \u0432\u0438\u043f\u0430\u0434\u043a\u0430\u0445, \u043a\u043e\u043b\u0438 \u041a\u043e\u0440\u0438\u0441\u0442\u0443\u0432\u0430\u0447 \u0432\u0438\u043a\u043e\u0440\u0438\u0441\u0442\u043e\u0432\u0443\u0454 \u043d\u0430\u043b\u0430\u0448\u0442\u0443\u0432\u0430\u043d\u043d\u044f \u0432\u0438\u043a\u043e\u0440\u0438\u0441\u0442\u043e\u0432\u0443\u0432\u0430\u043d\u043e\u0433\u043e \u043f\u0440\u043e\u0433\u0440\u0430\u043c\u043d\u043e\u0433\u043e \u0437\u0430\u0431\u0435\u0437\u043f\u0435\u0447\u0435\u043d\u043d\u044f, \u044f\u043a\u0456 \u043d\u0435 \u043e\u0431\u043c\u0435\u0436\u0443\u044e\u0442\u044c \u043d\u0430\u0434\u0430\u043d\u043d\u044f \u043f\u0435\u0432\u043d\u043e\u0457 \u0456\u043d\u0444\u043e\u0440\u043c\u0430\u0446\u0456\u0457;<br \/>\u041f\u0435\u0440\u0435\u0434\u0430\u0447\u0430 \u043d\u0435\u043e\u0431\u0445\u0456\u0434\u043d\u0430 \u0434\u043b\u044f \u0432\u0438\u043a\u043e\u0440\u0438\u0441\u0442\u0430\u043d\u043d\u044f \u041a\u043e\u0440\u0438\u0441\u0442\u0443\u0432\u0430\u0447\u0435\u043c \u0444\u0443\u043d\u043a\u0446\u0456\u043e\u043d\u0430\u043b\u044c\u043d\u0438\u0445 \u043c\u043e\u0436\u043b\u0438\u0432\u043e\u0441\u0442\u0435\u0439 \u0421\u0430\u0439\u0442\u0443;<br \/>\u041f\u0435\u0440\u0435\u0434\u0430\u0447\u0430 \u043f\u043e\u0442\u0440\u0456\u0431\u043d\u0430 \u0432\u0456\u0434\u043f\u043e\u0432\u0456\u0434\u043d\u043e \u0434\u043e \u0446\u0456\u043b\u0435\u0439 \u043e\u0431\u0440\u043e\u0431\u043a\u0438 \u0434\u0430\u043d\u0438\u0445;<br \/>\u0423 \u0437\u0432&#039;\u044f\u0437\u043a\u0443 \u0437 \u043f\u0435\u0440\u0435\u0434\u0430\u0447\u0435\u044e \u0421\u0430\u0439\u0442\u0443 \u0443 \u0432\u043b\u0430\u0441\u043d\u0456\u0441\u0442\u044c, \u043a\u043e\u0440\u0438\u0441\u0442\u0443\u0432\u0430\u043d\u043d\u044f \u0430\u0431\u043e \u0432\u043b\u0430\u0441\u043d\u0456\u0441\u0442\u044c \u0442\u0430\u043a\u043e\u0457 \u0442\u0440\u0435\u0442\u044c\u043e\u0457 \u043e\u0441\u043e\u0431\u0438;<br \/>\u043d\u0430 \u0432\u0438\u043c\u043e\u0433\u0443 \u0441\u0443\u0434\u0443 \u0447\u0438 \u0456\u043d\u0448\u043e\u0433\u043e \u0443\u043f\u043e\u0432\u043d\u043e\u0432\u0430\u0436\u0435\u043d\u043e\u0433\u043e \u043e\u0440\u0433\u0430\u043d\u0443 \u0434\u0435\u0440\u0436\u0430\u0432\u043d\u043e\u0457 \u0430\u0434\u043c\u0456\u043d\u0456\u0441\u0442\u0440\u0430\u0446\u0456\u0457 \u0432 \u0443\u0441\u0442\u0430\u043d\u043e\u0432\u043b\u0435\u043d\u043e\u043c\u0443 \u0437\u0430\u043a\u043e\u043d\u043e\u043c \u043f\u043e\u0440\u044f\u0434\u043a\u0443;<br \/>\u0414\u043b\u044f \u0437\u0430\u0445\u0438\u0441\u0442\u0443 \u043f\u0440\u0430\u0432 \u0456 \u0437\u0430\u043a\u043e\u043d\u043d\u0438\u0445 \u0456\u043d\u0442\u0435\u0440\u0435\u0441\u0456\u0432 \u0410\u0434\u043c\u0456\u043d\u0456\u0441\u0442\u0440\u0430\u0446\u0456\u0457 \u0443 \u0437\u0432&#039;\u044f\u0437\u043a\u0443 \u0437 \u043f\u043e\u0440\u0443\u0448\u0435\u043d\u043d\u044f\u043c\u0438, \u0434\u043e\u043f\u0443\u0449\u0435\u043d\u0438\u043c\u0438 \u041a\u043e\u0440\u0438\u0441\u0442\u0443\u0432\u0430\u0447\u0435\u043c.<\/p>\n<ul class=\"wp-block-list\"><\/ul>\n<!-- \/wp:list --><!-- wp:heading -->\n<h2 class=\"wp-block-heading\">5. \u0417\u043c\u0456\u043d\u0438 \u0434\u043e \u041f\u043e\u043b\u0456\u0442\u0438\u043a\u0438 \u043a\u043e\u043d\u0444\u0456\u0434\u0435\u043d\u0446\u0456\u0439\u043d\u043e\u0441\u0442\u0456<\/h2>\n<!-- \/wp:heading --><!-- wp:paragraph -->\n<p>5.1. \u0426\u0456 \u041f\u043e\u043b\u0456\u0442\u0438\u043a\u0438 \u043c\u043e\u0436\u0443\u0442\u044c \u0431\u0443\u0442\u0438 \u0437\u043c\u0456\u043d\u0435\u043d\u0456 \u0430\u0431\u043e \u043f\u0440\u0438\u043f\u0438\u043d\u0435\u043d\u0456 \u0432 \u043e\u0434\u043d\u043e\u0441\u0442\u043e\u0440\u043e\u043d\u043d\u044c\u043e\u043c\u0443 \u043f\u043e\u0440\u044f\u0434\u043a\u0443 \u0410\u0434\u043c\u0456\u043d\u0456\u0441\u0442\u0440\u0430\u0446\u0456\u0454\u044e \u0431\u0435\u0437 \u043f\u043e\u043f\u0435\u0440\u0435\u0434\u043d\u044c\u043e\u0433\u043e \u043f\u043e\u0432\u0456\u0434\u043e\u043c\u043b\u0435\u043d\u043d\u044f \u041a\u043e\u0440\u0438\u0441\u0442\u0443\u0432\u0430\u0447\u0430. \u041d\u043e\u0432\u0430 \u0440\u0435\u0434\u0430\u043a\u0446\u0456\u044f \u041f\u043e\u043b\u0456\u0442\u0438\u043a\u0438 \u043d\u0430\u0431\u0438\u0440\u0430\u0454 \u0447\u0438\u043d\u043d\u043e\u0441\u0442\u0456 \u0437 \u043c\u043e\u043c\u0435\u043d\u0442\u0443 \u0457\u0457 \u043e\u043f\u0443\u0431\u043b\u0456\u043a\u0443\u0432\u0430\u043d\u043d\u044f \u043d\u0430 \u0421\u0430\u0439\u0442\u0456, \u044f\u043a\u0449\u043e \u0456\u043d\u0448\u0435 \u043d\u0435 \u043f\u0435\u0440\u0435\u0434\u0431\u0430\u0447\u0435\u043d\u043e \u043d\u043e\u0432\u043e\u044e \u0440\u0435\u0434\u0430\u043a\u0446\u0456\u0454\u044e \u041f\u043e\u043b\u0456\u0442\u0438\u043a\u0438.<\/p>\n<p>5.2. \u041f\u043e\u0442\u043e\u0447\u043d\u0430 \u0440\u0435\u0434\u0430\u043a\u0446\u0456\u044f \u041f\u043e\u043b\u0456\u0442\u0438\u043a\u0438 \u0440\u043e\u0437\u043c\u0456\u0449\u0435\u043d\u0430 \u043d\u0430 \u0412\u0435\u0431-\u0441\u0430\u0439\u0442\u0456 \u0432 \u0406\u043d\u0442\u0435\u0440\u043d\u0435\u0442\u0456 \u0437\u0430 \u0430\u0434\u0440\u0435\u0441\u043e\u044e http:\/\/bestwork4you.cz\/privacy-policy\/<\/p>\n<!-- \/wp:paragraph -->\t\t\t\t\t\t\t\t<\/div>\n\t\t\t\t<\/div>\n\t\t\t\t\t<\/div>\n\t\t<\/div>\n\t\t\t\t\t<\/div>\n\t\t<\/section>\t\t<\/div>","protected":false},"excerpt":{"rendered":"<p>Zpracovan\u00e1 data 1.1. Va\u0161e osobn\u00ed \u00fadaje pomoc\u00ed Str\u00e1nek neshroma\u017e\u010fujeme. 1.2. Ve\u0161ker\u00e9 \u00fadaje shrom\u00e1\u017ed\u011bn\u00e9 na Str\u00e1nk\u00e1ch jsou poskytov\u00e1ny a p\u0159ij\u00edm\u00e1ny v anonymizovan\u00e9 podob\u011b (d\u00e1le jen \u201eAnonymizovan\u00e9 \u00fadaje\u201c). 1.3. Anonymizovan\u00e1 data zahrnuj\u00ed n\u00e1sleduj\u00edc\u00ed informace, kter\u00e9 v\u00e1s neidentifikuj\u00ed: 1.3.1. Informace, kter\u00e9 o sob\u011b poskytujete nez\u00e1visle pomoc\u00ed online formul\u00e1\u0159\u016f a softwarov\u00fdch modul\u016f Str\u00e1nek, v\u010detn\u011b jm\u00e9na nebo telefonn\u00edho \u010d\u00edsla a\/nebo [&hellip;]<\/p>","protected":false},"author":1,"featured_media":0,"parent":0,"menu_order":0,"comment_status":"closed","ping_status":"closed","template":"","meta":{"_acf_changed":false,"inline_featured_image":false,"footnotes":""},"class_list":["post-7612","page","type-page","status-publish","hentry"],"acf":[],"_links":{"self":[{"href":"https:\/\/bestwork4you.cz\/uk\/wp-json\/wp\/v2\/pages\/7612","targetHints":{"allow":["GET"]}}],"collection":[{"href":"https:\/\/bestwork4you.cz\/uk\/wp-json\/wp\/v2\/pages"}],"about":[{"href":"https:\/\/bestwork4you.cz\/uk\/wp-json\/wp\/v2\/types\/page"}],"author":[{"embeddable":true,"href":"https:\/\/bestwork4you.cz\/uk\/wp-json\/wp\/v2\/users\/1"}],"replies":[{"embeddable":true,"href":"https:\/\/bestwork4you.cz\/uk\/wp-json\/wp\/v2\/comments?post=7612"}],"version-history":[{"count":4,"href":"https:\/\/bestwork4you.cz\/uk\/wp-json\/wp\/v2\/pages\/7612\/revisions"}],"predecessor-version":[{"id":9180,"href":"https:\/\/bestwork4you.cz\/uk\/wp-json\/wp\/v2\/pages\/7612\/revisions\/9180"}],"wp:attachment":[{"href":"https:\/\/bestwork4you.cz\/uk\/wp-json\/wp\/v2\/media?parent=7612"}],"curies":[{"name":"wp","href":"https:\/\/api.w.org\/{rel}","templated":true}]}}