{"id":8222,"date":"2022-11-30T11:32:44","date_gmt":"2022-11-30T09:32:44","guid":{"rendered":"http:\/\/bestwork4you.cz\/?page_id=8222"},"modified":"2024-08-18T20:13:48","modified_gmt":"2024-08-18T18:13:48","slug":"platova-kalkulacka-v-ceske-republice","status":"publish","type":"page","link":"https:\/\/bestwork4you.cz\/uk\/platova-kalkulacka-v-ceske-republice\/","title":{"rendered":"\u041a\u0430\u043b\u044c\u043a\u0443\u043b\u044f\u0442\u043e\u0440 \u0437\u0430\u0440\u043f\u043b\u0430\u0442\u0438 \u0432 \u0427\u0435\u0445\u0456\u0457"},"content":{"rendered":"<div data-elementor-type=\"wp-page\" data-elementor-id=\"8222\" class=\"elementor elementor-8222\">\n\t\t\t\t\t\t<section class=\"elementor-section elementor-top-section elementor-element elementor-element-e168562 elementor-section-boxed elementor-section-height-default elementor-section-height-default\" data-id=\"e168562\" data-element_type=\"section\">\n\t\t\t\t\t\t<div class=\"elementor-container elementor-column-gap-default\">\n\t\t\t\t\t<div class=\"elementor-column elementor-col-100 elementor-top-column elementor-element elementor-element-c93cdcf\" data-id=\"c93cdcf\" data-element_type=\"column\">\n\t\t\t<div class=\"elementor-widget-wrap elementor-element-populated\">\n\t\t\t\t\t\t<div class=\"elementor-element elementor-element-d3b5812 elementor-widget elementor-widget-heading\" data-id=\"d3b5812\" data-element_type=\"widget\" data-widget_type=\"heading.default\">\n\t\t\t\t<div class=\"elementor-widget-container\">\n\t\t\t\t\t<h2 class=\"elementor-heading-title elementor-size-default\">\u0421\u043a\u0456\u043b\u044c\u043a\u0438 \u043c\u043e\u0436\u043d\u0430 \u0437\u0430\u0440\u043e\u0431\u0438\u0442\u0438 \u0432 \u0427\u0435\u0445\u0456\u0457?<\/h2>\t\t\t\t<\/div>\n\t\t\t\t<\/div>\n\t\t\t\t<div class=\"elementor-element elementor-element-944aaab elementor-widget elementor-widget-text-editor\" data-id=\"944aaab\" data-element_type=\"widget\" data-widget_type=\"text-editor.default\">\n\t\t\t\t<div class=\"elementor-widget-container\">\n\t\t\t\t\t\t\t\t\t<p>\u0420\u043e\u0437\u0440\u0430\u0445\u0443\u0439\u0442\u0435, \u0441\u043a\u0456\u043b\u044c\u043a\u0438 \u0437\u0430\u0440\u043f\u043b\u0430\u0442\u0438 \u0443 \u0432\u0430\u0441 \u0444\u0430\u043a\u0442\u0438\u0447\u043d\u043e \u0437\u0430\u043b\u0438\u0448\u0438\u043b\u043e\u0441\u044f \u043d\u0430 \u0440\u043e\u0431\u043e\u0442\u0456 \u0432 \u0427\u0435\u0445\u0456\u0457 \u0437\u0430 \u0434\u043e\u043f\u043e\u043c\u043e\u0433\u043e\u044e \u043d\u0430\u0448\u043e\u0433\u043e \u043a\u0430\u043b\u044c\u043a\u0443\u043b\u044f\u0442\u043e\u0440\u0430.<\/p>\t\t\t\t\t\t\t\t<\/div>\n\t\t\t\t<\/div>\n\t\t\t\t<div class=\"elementor-element elementor-element-6c4b51f elementor-widget elementor-widget-shortcode\" data-id=\"6c4b51f\" data-element_type=\"widget\" data-widget_type=\"shortcode.default\">\n\t\t\t\t<div class=\"elementor-widget-container\">\n\t\t\t\t\t\t\t<div class=\"elementor-shortcode\">[stm-calc id=&quot;8224&quot;]<\/div>\n\t\t\t\t\t\t<\/div>\n\t\t\t\t<\/div>\n\t\t\t\t\t<\/div>\n\t\t<\/div>\n\t\t\t\t\t<\/div>\n\t\t<\/section>\n\t\t\t\t<section class=\"elementor-section elementor-top-section elementor-element elementor-element-00ee67b elementor-section-stretched elementor-section-boxed elementor-section-height-default elementor-section-height-default\" data-id=\"00ee67b\" data-element_type=\"section\" data-settings=\"{&quot;stretch_section&quot;:&quot;section-stretched&quot;}\">\n\t\t\t\t\t\t<div class=\"elementor-container elementor-column-gap-extended\">\n\t\t\t\t\t<div class=\"elementor-column elementor-col-100 elementor-top-column elementor-element elementor-element-ef35bb3\" data-id=\"ef35bb3\" data-element_type=\"column\">\n\t\t\t<div class=\"elementor-widget-wrap elementor-element-populated\">\n\t\t\t\t\t\t<div class=\"elementor-element elementor-element-f9f7f4d elementor-widget elementor-widget-spacer\" data-id=\"f9f7f4d\" data-element_type=\"widget\" data-widget_type=\"spacer.default\">\n\t\t\t\t<div class=\"elementor-widget-container\">\n\t\t\t\t\t\t\t<div class=\"elementor-spacer\">\n\t\t\t<div class=\"elementor-spacer-inner\"><\/div>\n\t\t<\/div>\n\t\t\t\t\t\t<\/div>\n\t\t\t\t<\/div>\n\t\t\t\t<div class=\"elementor-element elementor-element-c5318c5 elementor-widget elementor-widget-heading\" data-id=\"c5318c5\" data-element_type=\"widget\" data-widget_type=\"heading.default\">\n\t\t\t\t<div class=\"elementor-widget-container\">\n\t\t\t\t\t<h2 class=\"elementor-heading-title elementor-size-default\">\u0420\u0435\u043a\u043e\u043c\u0435\u043d\u0434\u043e\u0432\u0430\u043d\u0456 \u0432\u0430\u043a\u0430\u043d\u0441\u0456\u0457<\/h2>\t\t\t\t<\/div>\n\t\t\t\t<\/div>\n\t\t\t\t\t<\/div>\n\t\t<\/div>\n\t\t\t\t\t<\/div>\n\t\t<\/section>\n\t\t\t\t<section class=\"elementor-section elementor-top-section elementor-element elementor-element-4d0a8f0 elementor-section-stretched elementor-section-boxed elementor-section-height-default elementor-section-height-default\" data-id=\"4d0a8f0\" data-element_type=\"section\" data-settings=\"{&quot;stretch_section&quot;:&quot;section-stretched&quot;}\">\n\t\t\t\t\t\t<div class=\"elementor-container elementor-column-gap-extended\">\n\t\t\t\t\t<div class=\"elementor-column elementor-col-100 elementor-top-column elementor-element elementor-element-e7a453e\" data-id=\"e7a453e\" data-element_type=\"column\">\n\t\t\t<div class=\"elementor-widget-wrap elementor-element-populated\">\n\t\t\t\t\t\t<div class=\"elementor-element elementor-element-aab1692 elementor-align-center elementor-widget elementor-widget-button\" data-id=\"aab1692\" data-element_type=\"widget\" data-widget_type=\"button.default\">\n\t\t\t\t<div class=\"elementor-widget-container\">\n\t\t\t\t\t\t\t\t\t<div class=\"elementor-button-wrapper\">\n\t\t\t\t\t<a class=\"elementor-button elementor-button-link elementor-size-md\" href=\"\/uk\/jobs-list\/\">\n\t\t\t\t\t\t<span class=\"elementor-button-content-wrapper\">\n\t\t\t\t\t\t\t\t\t<span class=\"elementor-button-text\">\u0412\u0441\u0456 \u0432\u0430\u043a\u0430\u043d\u0441\u0456\u0457<\/span>\n\t\t\t\t\t<\/span>\n\t\t\t\t\t<\/a>\n\t\t\t\t<\/div>\n\t\t\t\t\t\t\t\t<\/div>\n\t\t\t\t<\/div>\n\t\t\t\t\t<\/div>\n\t\t<\/div>\n\t\t\t\t\t<\/div>\n\t\t<\/section>\n\t\t\t\t<\/div>","protected":false},"excerpt":{"rendered":"<p>Kolik si m\u016f\u017eete vyd\u011blat v \u010cesk\u00e9 republice? Spo\u010d\u00edtejte si, jak\u00e1 mzda v\u00e1m skute\u010dn\u011b zb\u00fdv\u00e1 v pr\u00e1ci v \u010cesk\u00e9 republice pomoc\u00ed na\u0161\u00ed kalkula\u010dky. [stm-calc id=&#8220;8224&#8243;] Doporu\u010den\u00e1 voln\u00e1 m\u00edsta Recruiting Coordinator Featured Design, V\u00fdvoj 250 &#75;&#269; &#8211; 350 &#75;&#269; \/ month Internship Product Designer Featured Filled \u00da\u010detnictv\u00ed \/ Finance, Zdravotnictv\u00ed 15 &#75;&#269; &#8211; 25 &#75;&#269; \/ hour [&hellip;]<\/p>","protected":false},"author":1,"featured_media":0,"parent":0,"menu_order":0,"comment_status":"closed","ping_status":"closed","template":"","meta":{"_acf_changed":false,"inline_featured_image":false,"footnotes":""},"class_list":["post-8222","page","type-page","status-publish","hentry"],"acf":[],"_links":{"self":[{"href":"https:\/\/bestwork4you.cz\/uk\/wp-json\/wp\/v2\/pages\/8222","targetHints":{"allow":["GET"]}}],"collection":[{"href":"https:\/\/bestwork4you.cz\/uk\/wp-json\/wp\/v2\/pages"}],"about":[{"href":"https:\/\/bestwork4you.cz\/uk\/wp-json\/wp\/v2\/types\/page"}],"author":[{"embeddable":true,"href":"https:\/\/bestwork4you.cz\/uk\/wp-json\/wp\/v2\/users\/1"}],"replies":[{"embeddable":true,"href":"https:\/\/bestwork4you.cz\/uk\/wp-json\/wp\/v2\/comments?post=8222"}],"version-history":[{"count":52,"href":"https:\/\/bestwork4you.cz\/uk\/wp-json\/wp\/v2\/pages\/8222\/revisions"}],"predecessor-version":[{"id":9209,"href":"https:\/\/bestwork4you.cz\/uk\/wp-json\/wp\/v2\/pages\/8222\/revisions\/9209"}],"wp:attachment":[{"href":"https:\/\/bestwork4you.cz\/uk\/wp-json\/wp\/v2\/media?parent=8222"}],"curies":[{"name":"wp","href":"https:\/\/api.w.org\/{rel}","templated":true}]}}